{"id":101,"date":"2021-05-11T13:49:25","date_gmt":"2021-05-11T13:49:25","guid":{"rendered":"https:\/\/icelandicfilmdirectors.is\/?page_id=101"},"modified":"2025-06-03T13:08:23","modified_gmt":"2025-06-03T13:08:23","slug":"um-skl","status":"publish","type":"page","link":"https:\/\/icelandicfilmdirectors.is\/?page_id=101","title":{"rendered":"UM SKL"},"content":{"rendered":"\n<p>Samt\u00f6k kvikmyndaleikstj\u00f3ra voru stofnu\u00f0 \u00e1ri\u00f0 1989. Tilgangur samtakanna er a\u00f0 efla \u00edslenska kvikmyndager\u00f0 og g\u00e6ta hagsmuna leikstj\u00f3ra sem starfa vi\u00f0 allar tegundir kvikmynda \u00e1 \u00cdslandi. Samt\u00f6kin eiga fulltr\u00faa \u00ed stj\u00f3rn \u00cdslensku kvikmynda- og sj\u00f3nvarpsakadem\u00edunnar, Bandalagi \u00cdslenskra Listamanna, Kvikmyndar\u00e1\u00f0i, Stj\u00f3rn IHM, Stockfish Kvikmyndah\u00e1t\u00ed\u00f0 og Heimilis kvikmyndanna. SKL er me\u00f0limur \u00ed FERA heildarsamt\u00f6kum evr\u00f3pska kvikmyndaleikstj\u00f3ra. Samt\u00f6kin standa auk \u00feess \u00e1rlega fyrir vinnusmi\u00f0jum me\u00f0 stu\u00f0ningi Kvikmyndami\u00f0st\u00f6\u00f0var \u00cdslands.<\/p>\n\n\n\n<p><strong>ASSOCIATION OF ICELANDIC FILM DIRECTORS<\/strong><\/p>\n\n\n\n<p>SKL &#8211; The Association of Icelandic Film Directors &#8211; promotes the interests of screen directors in Iceland. The association is a member of&nbsp;FERA, the Federation of European Screen Directors.<\/p>\n\n\n\n<p>Stj\u00f3rn SKL 2024 &#8211; 2026 skipa:<\/p>\n\n\n\n<ul><li>Hr\u00f6nn Sveinsd\u00f3ttir, forma\u00f0ur<\/li><li>D\u00f6gg M\u00f3sesd\u00f3ttir, varaforma\u00f0ur<\/li><li>Karna Sigur\u00f0ard\u00f3ttir, gjaldkeri<\/li><li>Gagga J\u00f3nsd\u00f3ttir, me\u00f0stj\u00f3rnandi<\/li><li>Hilmar Oddsson, me\u00f0stj\u00f3rnandi<\/li><li>\u00c1lfr\u00fan \u00d6rn\u00f3lfsd\u00f3ttir, varama\u00f0ur<\/li><\/ul>\n\n\n\n<p><\/p>\n\n\n\n<p>F\u00e9lagar \u00ed SKL \u00e1ri\u00f0 2025 eru 137 talsins: <\/p>\n\n\n\n<p>\u00c1g\u00fast Gu\u00f0mundsson<\/p>\n\n\n\n<p>Anna Hildur Hildibrandsd\u00f3ttir<\/p>\n\n\n\n<p>Anton Karl Kristensen<\/p>\n\n\n\n<p>Anton Ingi Sigur\u00f0sson<\/p>\n\n\n\n<p>Ari Alexander Ergis Magn\u00fasson<\/p>\n\n\n\n<p>Ari Kristinsson<\/p>\n\n\n\n<p>\u00c1rni Sveinsson<\/p>\n\n\n\n<p>Arn\u00f3r P\u00e1lmi Arnarson<\/p>\n\n\n\n<p>Arr\u00f3 Stef\u00e1nsson<\/p>\n\n\n\n<p>\u00c1lfhei\u00f0ur Marta Kjartansd\u00f3ttir<\/p>\n\n\n\n<p>\u00c1lfr\u00fan Helga \u00d6rn\u00f3lfsd\u00f3ttir<\/p>\n\n\n\n<p>Anastasila Bortuali<\/p>\n\n\n\n<p>\u00c1sa Helga Hj\u00f6rleifsd\u00f3ttir<\/p>\n\n\n\n<p>\u00c1sd\u00eds Thoroddsen<\/p>\n\n\n\n<p>\u00c1sgeir Sigur\u00f0sson<\/p>\n\n\n\n<p>\u00c1sgr\u00edmur Sverrisson<\/p>\n\n\n\n<p>\u00c1sthildur Kjartansd\u00f3ttir<\/p>\n\n\n\n<p>Baldvin Zophon\u00edasson<\/p>\n\n\n\n<p>Benedikt Erlingsson<\/p>\n\n\n\n<p>Baltasar Korm\u00e1kur Baltasarsson<\/p>\n\n\n\n<p>Bjargey \u00d3lafsd\u00f3ttir<\/p>\n\n\n\n<p>Bjarni Haukur \u00de\u00f3rsson<\/p>\n\n\n\n<p>Bj\u00f6rn Brynj\u00falfur Bj\u00f6rnsson<\/p>\n\n\n\n<p>Br\u00fasi \u00d3lason<\/p>\n\n\n\n<p>B\u00f6rkur Gunnarsson<\/p>\n\n\n\n<p>B\u00f6rkur Sig\u00fe\u00f3rsson<\/p>\n\n\n\n<p>Bragi \u00de\u00f3r Hinriksson<\/p>\n\n\n\n<p>Dagur K\u00e1ri P\u00e9tursson<\/p>\n\n\n\n<p>Dan\u00edel Bjarnason<\/p>\n\n\n\n<p>Dav\u00ed\u00f0 \u00d3skar \u00d3lafsson<\/p>\n\n\n\n<p>Dominique Sigr\u00fanard\u00f3ttir<\/p>\n\n\n\n<p>D\u00f3ra J\u00f3hannsd\u00f3ttir<\/p>\n\n\n\n<p>D\u00f6gg M\u00f3sesd\u00f3ttir<\/p>\n\n\n\n<p>Egill E\u00f0var\u00f0sson<\/p>\n\n\n\n<p>Einar \u00de\u00f3r Gunnlaugsson<\/p>\n\n\n\n<p>Elfar A\u00f0alsteins<\/p>\n\n\n\n<p>Elsa Mar\u00eda Jakobsd\u00f3ttir<\/p>\n\n\n\n<p>Elvar Gunnarsson<\/p>\n\n\n\n<p>Erlendur Sveinsson<\/p>\n\n\n\n<p>Erlingur \u00d3ttar Thoroddsen<\/p>\n\n\n\n<p>Eva Sigur\u00f0ard\u00f3ttir<\/p>\n\n\n\n<p>Fannar Sveinsson<\/p>\n\n\n\n<p>Fri\u00f0rik \u00de\u00f3r Fri\u00f0riksson<\/p>\n\n\n\n<p>Gagga J\u00f3nsd\u00f3ttir<\/p>\n\n\n\n<p>G\u00edsli Sn\u00e6r Erlingsson<\/p>\n\n\n\n<p>Gr\u00e9ta \u00d3lafsd\u00f3ttir<\/p>\n\n\n\n<p>Grimur Hakonarson<\/p>\n\n\n\n<p>Gu\u00f0bergur Dav\u00ed\u00f0sson<\/p>\n\n\n\n<p>Gu\u00f0mundur Arnar Gu\u00f0mundsson<\/p>\n\n\n\n<p>Gu\u00f0n\u00fd Halld\u00f3rsd\u00f3ttir<\/p>\n\n\n\n<p>Gu\u00f0r\u00fan Ragnarsd\u00f3ttir<\/p>\n\n\n\n<p>Gunnar Bj\u00f6rn Gu\u00f0mundsson<\/p>\n\n\n\n<p>Gunnar Karlsson<\/p>\n\n\n\n<p>Hafsteinn Gunnar Sigur\u00f0sson<\/p>\n\n\n\n<p>Hallur \u00d6rn \u00c1rnason<\/p>\n\n\n\n<p>Hanna Bj\u00f6rk Valsd\u00f3ttir<\/p>\n\n\n\n<p>Hannes \u00de\u00f3r Halld\u00f3rsson<\/p>\n\n\n\n<p>Haukur M. Hrafnsson<\/p>\n\n\n\n<p>Heimir Bjarnason<\/p>\n\n\n\n<p>Helena J\u00f3nsd\u00f3ttir<\/p>\n\n\n\n<p>Helena Stef\u00e1nsd\u00f3ttir<\/p>\n\n\n\n<p>Helga Rakel Rafnsd\u00f3ttir<\/p>\n\n\n\n<p>Hilmar Oddsson<\/p>\n\n\n\n<p>Hj\u00e1lmar Einarsson<\/p>\n\n\n\n<p>Hj\u00e1lmt\u00fdr Hei\u00f0dal<\/p>\n\n\n\n<p>Hlynur P\u00e1lmason<\/p>\n\n\n\n<p>Hrafnhildur Gunnarsd\u00f3ttir<\/p>\n\n\n\n<p>Hrafn Gunnlaugsson<\/p>\n\n\n\n<p>Hr\u00f6nn Sveinsd\u00f3ttir<\/p>\n\n\n\n<p>H\u00f6r\u00f0ur Sveinsson<\/p>\n\n\n\n<p>Inga L\u00edsa Middleton<\/p>\n\n\n\n<p>Ingvar \u00c1g\u00fast \u00de\u00f3risson<\/p>\n\n\n\n<p>\u00cdsold Uggad\u00f3ttir<\/p>\n\n\n\n<p>Jakob Fr\u00edmann Magn\u00fasson<\/p>\n\n\n\n<p>Jessica Auer<\/p>\n\n\n\n<p>J\u00f3akim Reynisson<\/p>\n\n\n\n<p>J\u00f3hann Sigmarsson<\/p>\n\n\n\n<p>J\u00f3n Bjarki Magn\u00fasson<\/p>\n\n\n\n<p>J\u00f3n Einarsson G\u00fastafsson<\/p>\n\n\n\n<p>J\u00f3n Karl Helgason<\/p>\n\n\n\n<p>J\u00f3n Tryggvason<\/p>\n\n\n\n<p>J\u00fal\u00edus Kemp<\/p>\n\n\n\n<p>Karna Sigur\u00f0ard\u00f3ttir<\/p>\n\n\n\n<p>Katr\u00edn Bj\u00f6rgvinsd\u00f3ttir<\/p>\n\n\n\n<p>Katrin \u00d3lafsd\u00f3ttir<\/p>\n\n\n\n<p>Konr\u00e1\u00f0 Gylfason<\/p>\n\n\n\n<p>Krist\u00edn Andrea \u00de\u00f3r\u00f0ard\u00f3ttir<\/p>\n\n\n\n<p>Krist\u00edn Bj\u00f6rk Kristj\u00e1nsd\u00f3ttir<\/p>\n\n\n\n<p>Krist\u00edn J\u00f3hannesd\u00f3ttir<\/p>\n\n\n\n<p>Krist\u00edn Berg\u00fe\u00f3ra P\u00e1lsd\u00f3ttir<\/p>\n\n\n\n<p>Kristofer Dignus<\/p>\n\n\n\n<p>L\u00e1rus \u00ddmir \u00d3skarsson<\/p>\n\n\n\n<p>L\u00fd\u00f0ur \u00c1rnarson<\/p>\n\n\n\n<p>Mar\u00eda Reyndal<\/p>\n\n\n\n<p>Mar\u00eda Sigur\u00f0ard\u00f3ttir<\/p>\n\n\n\n<p>Mar\u00eda S\u00f3lr\u00fan<\/p>\n\n\n\n<p>Marteinn St. \u00de\u00f3rsson<\/p>\n\n\n\n<p>Nanna Krist\u00edn Magn\u00fasd\u00f3ttir<\/p>\n\n\n\n<p>\u00d3lafur De Fleur J\u00f3hannesson<\/p>\n\n\n\n<p>\u00d3l\u00f6f Birna Torfad\u00f3ttir<\/p>\n\n\n\n<p>\u00d6rn Marin\u00f3 Arnarson<\/p>\n\n\n\n<p>\u00d3skar J\u00f3nasson<\/p>\n\n\n\n<p>\u00d3skar \u00de\u00f3r Axelsson<\/p>\n\n\n\n<p>Ragnar Bragason<\/p>\n\n\n\n<p>Reynir Lyngdal Sigur\u00f0sson<\/p>\n\n\n\n<p>Reynir Oddsson<\/p>\n\n\n\n<p>R\u00f3bert Ingi Douglas<\/p>\n\n\n\n<p>R\u00fanar Eyj\u00f3lfur R\u00fanarsson<\/p>\n\n\n\n<p>Sara Gunnarsd\u00f3ttir<\/p>\n\n\n\n<p>Sigurbj\u00f6rn A\u00f0alsteinsson<\/p>\n\n\n\n<p>Sigur\u00f0ur Anton Fri\u00f0\u00fej\u00f3fsson<\/p>\n\n\n\n<p>Silja Hauksd\u00f3ttir<\/p>\n\n\n\n<p>Sn\u00e6var S\u00f6lvi S\u00f6lvason<\/p>\n\n\n\n<p>Sol Berruezo Pichon-Rivi\u00e9re<\/p>\n\n\n\n<p>Styrmir Sigur\u00f0sson<\/p>\n\n\n\n<p>Spessi<\/p>\n\n\n\n<p>Teitur Magn\u00fasson<\/p>\n\n\n\n<p>Tinna Hrafnsd\u00f3ttir<\/p>\n\n\n\n<p>Ugla Hauksd\u00f3ttir<\/p>\n\n\n\n<p>Vala \u00d3marsd\u00f3ttir<\/p>\n\n\n\n<p>Valdimar J\u00f3hannsson<\/p>\n\n\n\n<p>Valdimar Leifsson<\/p>\n\n\n\n<p>Vald\u00eds \u00d3skarsd\u00f3ttir<\/p>\n\n\n\n<p>Vera S\u00f6lvad\u00f3ttir<\/p>\n\n\n\n<p>Vi\u00f0ar V\u00edkingsson<\/p>\n\n\n\n<p>Yrsa Roca Fannberg<\/p>\n\n\n\n<p>\u00de\u00f3r El\u00eds P\u00e1lsson<\/p>\n\n\n\n<p>\u00de\u00f3r \u00d3mar J\u00f3nsson<\/p>\n\n\n\n<p>\u00de\u00f3ra Hilmarsd\u00f3ttir<\/p>\n\n\n\n<p>\u00de\u00f3rhildur \u00deorleifsd\u00f3ttir<\/p>\n\n\n\n<p>\u00deorkell Sigur\u00f0ur Har\u00f0arson<\/p>\n\n\n\n<p>\u00deorsteinn Gunnar Bjarnason<\/p>\n\n\n\n<p>\u00deorsteinn J\u00f3nsson<\/p>\n\n\n\n<p>\u00de\u00f3rdur P\u00e1lsson<\/p>\n\n\n\n<p>\u00de\u00f3rey Mjallhv\u00edt \u00d3marsd\u00f3ttir<\/p>\n\n\n\n<p>\u00de\u00f3runn Hafsta\u00f0<\/p>\n\n\n\n<p>\u00der\u00e1inn Bertelsson<br><\/p>\n\n\n\n<p><\/p>\n\n\n\n<p><\/p>\n\n\n\n<p><\/p>\n","protected":false},"excerpt":{"rendered":"<p>Samt\u00f6k kvikmyndaleikstj\u00f3ra voru stofnu\u00f0 \u00e1ri\u00f0 1989. Tilgangur samtakanna er a\u00f0 efla \u00edslenska kvikmyndager\u00f0 og g\u00e6ta hagsmuna leikstj\u00f3ra sem starfa vi\u00f0 allar tegundir kvikmynda \u00e1 \u00cdslandi. Samt\u00f6kin eiga fulltr\u00faa \u00ed stj\u00f3rn \u00cdslensku kvikmynda- og sj\u00f3nvarpsakadem\u00edunnar, Bandalagi \u00cdslenskra Listamanna, Kvikmyndar\u00e1\u00f0i, Stj\u00f3rn IHM, Stockfish Kvikmyndah\u00e1t\u00ed\u00f0 og Heimilis kvikmyndanna. SKL er me\u00f0limur \u00ed FERA heildarsamt\u00f6kum evr\u00f3pska kvikmyndaleikstj\u00f3ra. Samt\u00f6kin standa auk \u00feess \u00e1rlega fyrir vinnusmi\u00f0jum [&hellip;]<\/p>\n","protected":false},"author":1,"featured_media":0,"parent":0,"menu_order":0,"comment_status":"closed","ping_status":"closed","template":"","meta":{"spay_email":""},"_links":{"self":[{"href":"https:\/\/icelandicfilmdirectors.is\/index.php?rest_route=\/wp\/v2\/pages\/101"}],"collection":[{"href":"https:\/\/icelandicfilmdirectors.is\/index.php?rest_route=\/wp\/v2\/pages"}],"about":[{"href":"https:\/\/icelandicfilmdirectors.is\/index.php?rest_route=\/wp\/v2\/types\/page"}],"author":[{"embeddable":true,"href":"https:\/\/icelandicfilmdirectors.is\/index.php?rest_route=\/wp\/v2\/users\/1"}],"replies":[{"embeddable":true,"href":"https:\/\/icelandicfilmdirectors.is\/index.php?rest_route=%2Fwp%2Fv2%2Fcomments&post=101"}],"version-history":[{"count":21,"href":"https:\/\/icelandicfilmdirectors.is\/index.php?rest_route=\/wp\/v2\/pages\/101\/revisions"}],"predecessor-version":[{"id":376,"href":"https:\/\/icelandicfilmdirectors.is\/index.php?rest_route=\/wp\/v2\/pages\/101\/revisions\/376"}],"wp:attachment":[{"href":"https:\/\/icelandicfilmdirectors.is\/index.php?rest_route=%2Fwp%2Fv2%2Fmedia&parent=101"}],"curies":[{"name":"wp","href":"https:\/\/api.w.org\/{rel}","templated":true}]}}