{"id":107,"date":"2021-05-11T13:54:39","date_gmt":"2021-05-11T13:54:39","guid":{"rendered":"https:\/\/icelandicfilmdirectors.is\/?page_id=107"},"modified":"2024-05-30T14:59:37","modified_gmt":"2024-05-30T14:59:37","slug":"log-skl","status":"publish","type":"page","link":"https:\/\/icelandicfilmdirectors.is\/?page_id=107","title":{"rendered":"L\u00d6G SKL"},"content":{"rendered":"\n<div class=\"wp-block-group alignwide\"><div class=\"wp-block-group__inner-container\">\n<p class=\"has-text-align-center\"><strong>SAM\u00deYKKTIR<\/strong><\/p>\n\n\n\n<p class=\"has-text-align-center\"><strong>Samtaka kvikmyndaleikstj\u00f3ra<\/strong><\/p>\n\n\n\n<p><strong>1.gr. Um samt\u00f6kin<\/strong><\/p>\n\n\n\n<p>Samt\u00f6kin heita <strong>Samt\u00f6k kvikmyndaleikstj\u00f3ra<\/strong>. Heimili samtakanna og varnar\u00feing er \u00ed Reykjav\u00edk.<\/p>\n\n\n\n<p><strong>2. gr. Tilgangur samtakanna<\/strong><\/p>\n\n\n\n<p>Tilgangur samtakanna er a\u00f0<strong>:<\/strong><\/p>\n\n\n\n<ul><li>Standa v\u00f6r\u00f0 um h\u00f6fundarr\u00e9tt kvikmyndaleikstj\u00f3ra og g\u00e6ta hagsmuna \u00feeirra.. <\/li><li>Verja listr\u00e6nt og fj\u00e1rhagslegt frelsi kvikmyndaleikstj\u00f3ra.<\/li><\/ul>\n\n\n\n<ul><li>B\u00e6ta a\u00f0st\u00f6\u00f0u kvikmyndaleikstj\u00f3ra til skapandi kvikmyndager\u00f0ar og efla hlutverk leikstj\u00f3rans sem h\u00f6fundar.<\/li><\/ul>\n\n\n\n<ul><li>Standa v\u00f6r\u00f0 um r\u00e9ttindi og a\u00f0b\u00fana\u00f0 kvikmyndaleikstj\u00f3ra vi\u00f0 st\u00f6rf s\u00edn.<br><\/li><li>Stu\u00f0la a\u00f0 aukinni menntun og fr\u00e6\u00f0slu fyrir leikstj\u00f3ra og a\u00f0ra.<br><\/li><li>Sty\u00f0ja vi\u00f0 f\u00e9lagsmenn og eftir atvikum semja fyrir \u00feeirra h\u00f6nd um sameiginlega hagsmuni og um endurgjald fyrir notkun \u00e1 verkum \u00feeirra \u00fear sem \u00fea\u00f0 \u00e1 vi\u00f0.<\/li><\/ul>\n\n\n\n<ul><li>Annast ums\u00fdslu h\u00f6fundarr\u00e9ttar og skyldra r\u00e9ttinda kvikmyndaleikstj\u00f3ra, \u00fe.\u00e1 m. innheimta tekjur af r\u00e9ttindum og \u00fathluta fj\u00e1rh\u00e6\u00f0um til r\u00e9tthafa.<\/li><\/ul>\n\n\n\n<ul><li>Gerast a\u00f0ili a\u00f0 norr\u00e6num og al\u00fej\u00f3\u00f0legum samt\u00f6kum kvikmyndaleikstj\u00f3ra.<br><br><\/li><\/ul>\n\n\n\n<p><strong>3. gr. A\u00f0ild<\/strong><\/p>\n\n\n\n<p>F\u00e9lagar geta or\u00f0i\u00f0 \u00feeir kvikmyndaleikstj\u00f3rar sem vinna \u00f3umdeilanlega sem kvikmyndah\u00f6fundar og uppfylla a\u00f0 minnsta kosti eitt eftirtalinna skilyr\u00f0a:<\/p>\n\n\n\n<ul><li>hafa leikst\u00fdrt einni e\u00f0a fleiri leiknum kvikmyndum, samanlag\u00f0ur s\u00fdningart\u00edmi ekki minni en 60 m\u00edn\u00fatur.<\/li><li>hafa leikst\u00fdrt einni e\u00f0a fleiri skapandi heimildamyndum, samanlag\u00f0ur s\u00fdningart\u00edmi ekki minni en 60 m\u00edn\u00fatur.<\/li><li>hafa leikst\u00fdrt a.m.k. einni leikinni mynd og a.m.k. einni skapandi heimildamynd, samanlag\u00f0ur s\u00fdningart\u00edmi ekki minni en 60 m\u00edn\u00fatur.<\/li><\/ul>\n\n\n\n<p>Myndirnar skulu hafa veri\u00f0 s\u00fdndar opinberlega \u00ed kvikmyndah\u00fasum og\/e\u00f0a sj\u00f3nvarpi h\u00e9r \u00e1 landi, \u00e1 streymisveitu e\u00f0a samb\u00e6rilegum mi\u00f0lum.<\/p>\n\n\n\n<p>Stuttmyndir ver\u00f0a a\u00f0 hafa veri\u00f0 s\u00fdndar \u00e1 a.m.k. \u00feremur vi\u00f0urkenndum al\u00fej\u00f3\u00f0legum kvikmyndah\u00e1t\u00ed\u00f0um, hafi \u00fe\u00e6r ekki veri\u00f0 s\u00fdndar \u00ed kvikmyndah\u00fasum e\u00f0a sj\u00f3nvarpi, \u00e1 streymisveitum e\u00f0a samb\u00e6rilegum mi\u00f0lum.<\/p>\n\n\n\n<p>Stj\u00f3rn metur hva\u00f0 telst skapandi heimildamynd hverju sinni.<\/p>\n\n\n\n<p>Ums\u00f3knir um a\u00f0ild berist stj\u00f3rn. Stj\u00f3rn \u00farskur\u00f0ar hvort ums\u00f3kn uppfylli innt\u00f6kuskilyr\u00f0i. Ef ums\u00f3kn er synja\u00f0 skal stj\u00f3rn veita ums\u00e6kjanda skriflegan r\u00f6kstu\u00f0ning. N\u00fdir f\u00e9lagar skulu kynntir \u00e1 a\u00f0alfundi.<\/p>\n\n\n\n<p><strong>4. gr. <\/strong><strong>\u00dars\u00f6gn og brottrekstur<\/strong><em><\/em><\/p>\n\n\n\n<p>Unnt er a\u00f0 segja sig \u00far samt\u00f6kunum skriflega me\u00f0 erindi til stj\u00f3rnar.<\/p>\n\n\n\n<p>Brj\u00f3ti f\u00e9lagsma\u00f0ur \u00ed verulegum atri\u00f0um gegn l\u00f6gum samtakanna e\u00f0a l\u00f6gm\u00e6tum sam\u00feykktum \u00feeirra er heimilt a\u00f0 v\u00edsa honum \u00far samt\u00f6kunum me\u00f0 sam\u00feykki stj\u00f3rnar og meirihluta f\u00e9laga \u00e1 a\u00f0alfundi e\u00f0a f\u00e9lagsfundi sem skal bo\u00f0a til me\u00f0 sama h\u00e6tti og til a\u00f0alfundar.<\/p>\n\n\n\n<p><strong>5<\/strong><strong>. gr. F\u00e9lagsgjald<\/strong><\/p>\n\n\n\n<p>F\u00e9lagsgjald er \u00e1kve\u00f0i\u00f0 \u00e1 a\u00f0alfundi. Gjalddagi skal \u00e1kve\u00f0inn af stj\u00f3rn.<\/p>\n\n\n\n<p>A\u00f0eins skuldlausir f\u00e9lagar hafa atkv\u00e6\u00f0isr\u00e9tt \u00e1 a\u00f0alfundi um m\u00e1lefni samtakanna.<\/p>\n\n\n\n<p><strong>6. gr. A\u00f0alfundur<\/strong><\/p>\n\n\n\n<p>Starfst\u00edmabil samtakanna er almanaks\u00e1ri\u00f0. \u00c1 a\u00f0alfundi skal stj\u00f3rn gera upp \u00e1rangur li\u00f0ins \u00e1rs.&nbsp;&nbsp;<\/p>\n\n\n\n<p>A\u00f0alfund skal halda eigi s\u00ed\u00f0ar en 1. \u00e1g\u00fast \u00e1r hvert og skal bo\u00f0a til hans me\u00f0 minnst tveggja vikna fyrirvara me\u00f0 sannanlegum h\u00e6tti, s.s. t\u00f6lvup\u00f3sti.\u00a0A\u00f0alfundur\u00a0er l\u00f6glegur, s\u00e9 r\u00e9tt til hans bo\u00f0a\u00f0. Einfaldur meirihluti m\u00e6ttra f\u00e9lagsmanna r\u00e6\u00f0ur \u00farslitum m\u00e1la.\u00a0Breytingar \u00e1 l\u00f6gum f\u00e9lagsins ver\u00f0a \u00fe\u00f3 a\u00f0eins ger\u00f0ar me\u00f0 sam\u00feykki 2\/3 fundarmanna.\u00a0F\u00e9lagi getur afhent \u00f6\u00f0rum f\u00e9laga atkv\u00e6\u00f0i sitt me\u00f0 skriflegu umbo\u00f0i e\u00f0a \u00f3ska\u00f0 eftir \u00fev\u00ed\u00a0a\u00f0\u00a0kj\u00f3sa rafr\u00e6nt me\u00f0 minnst viku fyrirvara.\u00a0Vilji f\u00e9lagsma\u00f0ur bera upp till\u00f6gu \u00e1 a\u00f0alfundi sem krefst atkv\u00e6\u00f0agrei\u00f0slu, skal hann senda till\u00f6guna skriflega til stj\u00f3rnar SKL svo unnt s\u00e9\u00a0a\u00f0\u00a0gera grein fyrir till\u00f6gunni \u00ed fundarbo\u00f0i<\/p>\n\n\n\n<p>Dagskr\u00e1 a\u00f0alfundar skal vera sem h\u00e9r segir:<\/p>\n\n\n\n<ol type=\"1\"><li>Kosning fundarstj\u00f3ra og fundarritara<\/li><li>\u00c1varp formanns<\/li><li>Reikningar lag\u00f0ir fram til sam\u00feykktar<\/li><li>Lagabreytingar<\/li><li>F\u00e9lagsgjald<\/li><li>\u00de\u00f3knun stj\u00f3rnar<\/li><li>R\u00e9ttindagrei\u00f0slur<ul><li>Almenn stefna um \u00fathlutun r\u00e9ttindagrei\u00f0slna til r\u00e9tthafa<\/li><li>Almenn stefna um notkun \u00f3r\u00e1\u00f0stafanlegra fj\u00e1rh\u00e6\u00f0a<\/li><li>Almenn fj\u00e1rfestingarstefna me\u00f0 tilliti til r\u00e9ttindatekna og ar\u00f0s af fj\u00e1rfestingu \u00feeirra<\/li><li>Almenn stefna um fr\u00e1dr\u00e1tt fr\u00e1 r\u00e9ttindatekjum og ar\u00f0s af fj\u00e1rfestingu \u00feeirra.<\/li><li>Notkun \u00f3r\u00e1\u00f0stafanlegra fj\u00e1rh\u00e6\u00f0a<\/li><li>\u00c1h\u00e6ttust\u00fdringarstefna<\/li><li>Kaup, sala e\u00f0a tryggingarr\u00e9ttur fastafj\u00e1rmuna e\u00f0a \u00e1kv\u00f6r\u00f0unarvald framselt til stj\u00f3rnar um \u00feetta<\/li><li>Samruni og bandal\u00f6g, stofnun d\u00f3tturf\u00e9laga og kaup \u00e1 \u00f6\u00f0rum einingum e\u00f0a hlutum e\u00f0a r\u00e9ttindum \u00ed \u00f6\u00f0rum einingum e\u00f0a \u00e1kv\u00f6r\u00f0unarvald framselt til stj\u00f3rnar um \u00feetta<\/li><li>L\u00e1ntaka, l\u00e1nveitingar e\u00f0a \u00fatg\u00e1fa l\u00e1natrygginga e\u00f0a \u00e1kv\u00f6r\u00f0unarvald framselt til stj\u00f3rnar um \u00feetta<\/li><li>Tilnefning og upps\u00f6gn endursko\u00f0enda<\/li><li>\u00c1rleg gagns\u00e6issk\u00fdrsla<\/li><\/ul><\/li><li>Kosning stj\u00f3rnar og varamanns \u00ed stj\u00f3rn til tveggja \u00e1ra<\/li><li>Kosning tveggja endursko\u00f0enda<\/li><li>Umfj\u00f6llun um hagsmunaskr\u00e1<\/li><li>\u00d6nnur m\u00e1l<\/li><\/ol>\n\n\n\n<p>Framhaldsa\u00f0alfund skal halda \u00ed s\u00ed\u00f0asta lagi m\u00e1nu\u00f0i eftir a\u00f0alfund, ef \u00f3sk kemur fram um \u00fea\u00f0 \u00e1 a\u00f0alfundi fr\u00e1 a.m.k. sj\u00f6 f\u00e9l\u00f6gum.&nbsp;&nbsp;&nbsp;&nbsp;<\/p>\n\n\n\n<p><strong>7.gr. Stj\u00f3rn<\/strong><\/p>\n\n\n\n<p>Stj\u00f3rn Samtaka kvikmyndaleikstj\u00f3ra skipa fimm; forma\u00f0ur, varaforma\u00f0ur, ritari, gjaldkeri og me\u00f0stj\u00f3rnandi. Einnig skal skipa varamann \u00ed stj\u00f3rn. Kj\u00f6rt\u00edmabil stj\u00f3rnar er tv\u00f6 \u00e1r. Forma\u00f0ur m\u00e1 ekki sitja lengur en tv\u00f6 kj\u00f6rt\u00edmabil \u00ed r\u00f6\u00f0. Hlj\u00f3ti tveir jafna atkv\u00e6\u00f0ist\u00f6lu \u00ed kosningum skal varpa hlutkesti milli \u00feeirra.&nbsp;<\/p>\n\n\n\n<p>Gangi einhver stj\u00f3rnarmanna \u00far stj\u00f3rn \u00e1\u00f0ur en kj\u00f6rt\u00edmabili er loki\u00f0 skal stj\u00f3rn anna\u00f0 hvort kalla inn varamann fram a\u00f0 n\u00e6sta a\u00f0alfundi e\u00f0a bo\u00f0a til aukaa\u00f0alfundar \u00fear sem kj\u00f6rinn skal n\u00fdr einstaklingur \u00ed stj\u00f3rn.<\/p>\n\n\n\n<p>Stj\u00f3rnin er \u00e1kv\u00f6r\u00f0unarb\u00e6r \u00feegar meirihluti stj\u00f3rnarmanna situr fund, \u00fe. \u00e1 m. anna\u00f0 hvort forma\u00f0ur e\u00f0a varaforma\u00f0ur. Mikilv\u00e6gar \u00e1kvar\u00f0anir skal \u00fe\u00f3 eigi taka nema allir stj\u00f3rnarmanna hafi haft t\u00e6kif\u00e6ri til a\u00f0 kynna s\u00e9r \u00fe\u00e6r, s\u00e9 \u00feess nokkur kostur.<\/p>\n\n\n\n<p>Firmaritun er \u00ed h\u00f6ndum meirihluta stj\u00f3rnar.<\/p>\n\n\n\n<p>A\u00f0alfundur tekur \u00e1kv\u00f6r\u00f0un um \u00fe\u00f3knun stj\u00f3rnar.<\/p>\n\n\n\n<p><strong>8.gr. Daglegur rekstur<\/strong><\/p>\n\n\n\n<p>Stj\u00f3rn samtakanna annast daglegan rekstur samtakanna og hefur eftirlit me\u00f0 starfseminni, \u00fe.\u00e1 m. ums\u00fdslu r\u00e9ttindagrei\u00f0slna. Stj\u00f3rn vinnur \u00ed \u00fe\u00e1gu samtakanna \u00ed samr\u00e6mi vi\u00f0 sam\u00feykktir \u00feessar og l\u00f6g og reglur eins og \u00feau eru hverju sinni.<\/p>\n\n\n\n<p>Samt\u00f6kin skulu hafa heimas\u00ed\u00f0u. \u00c1 heimas\u00ed\u00f0unni skal m.a. birta sam\u00feykktir og uppl\u00fdsingar um stj\u00f3rn samtakanna, almenna \u00fathlutunarstefnu vegna r\u00e9ttindagrei\u00f0slna og a\u00f0rar uppl\u00fdsingar sem skulu a\u00f0gengilegar \u00e1 opinberum vef l\u00f6gum samkv\u00e6mt.<\/p>\n\n\n\n<p><strong>9. gr. Tilnefningar, samstarf og ums\u00fdsla<\/strong><\/p>\n\n\n\n<p>Samt\u00f6kunum er heimilt a\u00f0 gerast a\u00f0ili a\u00f0 \u00f6\u00f0rum samt\u00f6kum e\u00f0a f\u00e9l\u00f6gum b\u00e6\u00f0i h\u00e9rlendis og erlendis og skal a\u00f0alfundur taka \u00e1kv\u00f6r\u00f0un um sl\u00edka a\u00f0ild. Stj\u00f3rn samtakanna annast samskipti vi\u00f0 hli\u00f0st\u00e6\u00f0a erlenda a\u00f0ila og \u00f6nnur samt\u00f6k sem \u00feau eiga a\u00f0ild a\u00f0. Stj\u00f3rnin kemur fram fyrir h\u00f6nd f\u00e9lagsmanna gagnvart innheimtusamt\u00f6kum og \u00f6\u00f0rum h\u00f6fund\u00ada\u00adsam\u00adt\u00f6k\u00adum \u00ed samr\u00e6mi vi\u00f0 tilgang samtakanna.<\/p>\n\n\n\n<p>Stj\u00f3rn samtakanna skipar og\/e\u00f0a tilnefnir \u00ed stj\u00f3rnir og r\u00e1\u00f0 sem samt\u00f6kin eru a\u00f0ilar a\u00f0 e\u00f0a gefst kostur \u00e1 a\u00f0 tilnefna \u00ed s.s. IHM, IKSA, B\u00ed\u00f3 Parad\u00eds, B\u00cdL, Kvikmyndar\u00e1\u00f0 o.fl. nefndir e\u00f0a r\u00e1\u00f0 sem samt\u00f6kin kunna a\u00f0 eiga a\u00f0ild a\u00f0 hverju sinni. Greina skal fr\u00e1 sl\u00edkri skipan \u00ed \u00e1varpi formanns \u00e1 a\u00f0alfundi og \u00e1 heimas\u00ed\u00f0u f\u00e9lagsins.<\/p>\n\n\n\n<p>Stj\u00f3rn samtakanna kemur ennfremur fram f.h. f\u00e9lagsmanna vi\u00f0 ger\u00f0 annarra heildarsamninga svo og einstakra samninga sem kann a\u00f0 vera \u00f3ska\u00f0 eftir. Samt\u00f6kunum er heimilt a\u00f0 s\u00e6kja um l\u00f6gformlega vi\u00f0urkenningu r\u00e1\u00f0herra \u00e1 samningsumbo\u00f0i s\u00ednu.<\/p>\n\n\n\n<p><strong>10<\/strong><strong>. gr. Ums\u00fdsla r\u00e9ttindagrei\u00f0slna<\/strong><\/p>\n\n\n\n<p>Samt\u00f6kin annast ums\u00fdslu h\u00f6fundarr\u00e9ttar og skyldra r\u00e9ttinda kvikmyndaleikstj\u00f3ra skv. 11. gr. H\u00f6fundalaga nr. 73\/1972. \u00cd \u00fev\u00ed felst m.a. a\u00f0 innheimta tekjur af r\u00e9ttindum og \u00fathluta fj\u00e1rh\u00e6\u00f0um til r\u00e9tthafa.<\/p>\n\n\n\n<p>\u00dathlutunarstefna skal sam\u00feykkt \u00e1 a\u00f0alfundi og \u00fatf\u00e6rir stj\u00f3rn reglur um \u00fathlutun sl\u00edkra fj\u00e1rmuna \u00e1 grundvelli hennar og hefur umsj\u00f3n og eftirlit me\u00f0 \u00fathlutun. Samt\u00f6kunum er heimilt a\u00f0 innheimta ums\u00fdslukostna\u00f0 til a\u00f0 standa straum af kostna\u00f0i vi\u00f0 ums\u00fdslu \u00feeirra \u00e1 h\u00f6fundarr\u00e9tti e\u00f0a skyldum r\u00e9ttindum og draga hann fr\u00e1 r\u00e9ttindatekjum. \u00de\u00e1 er samt\u00f6kunum einnig heimilt a\u00f0 \u00fathluta fj\u00e1rmagni af r\u00e9ttindatekjum \u00ed f\u00e9lagslega, menningarlega og menntunartengda \u00fej\u00f3nustu. Um sl\u00edka fj\u00e1r\u00fathlutun er n\u00e1nar fjalla\u00f0 \u00ed \u00fathlutunarstefnu og \u00fathlutunarreglum.<\/p>\n\n\n\n<p>Samt\u00f6kin halda a\u00f0skili\u00f0 b\u00f3khald vegna sl\u00edkrar ums\u00fdslu og birta \u00e1rlega gagns\u00e6issk\u00fdrslu um starfsemina. Skulu reikningsskilauppl\u00fdsingar sem fram koma \u00ed \u00e1rlegu gagns\u00e6issk\u00fdrslunni endursko\u00f0a\u00f0ar af l\u00f6ggiltum endursko\u00f0anda \u00ed samr\u00e6mi vi\u00f0 l\u00f6g um endursko\u00f0endur. &nbsp;<\/p>\n\n\n\n<p><strong>11. gr. <\/strong><strong>Me\u00f0fer\u00f0 kvartana og \u00e1greiningsm\u00e1la <\/strong><strong>&nbsp;<\/strong><\/p>\n\n\n\n<p>Unnt er a\u00f0 beina kv\u00f6rtun til stj\u00f3rnar samtakanna vegna starfsemi hennar, \u00fe.\u00e1 m. vegna ums\u00fdslu r\u00e9ttindagrei\u00f0slna. Stj\u00f3rn sta\u00f0festir m\u00f3tt\u00f6ku og uppl\u00fdsir vi\u00f0komandi a\u00f0ila um \u00fe\u00e1 me\u00f0fer\u00f0 sem kv\u00f6rtunin mun f\u00e1 innan 14 daga. Stj\u00f3rn svarar kv\u00f6rtun skriflega og r\u00f6kstutt.<\/p>\n\n\n\n<p><strong>12. gr. &nbsp;&nbsp;&nbsp;&nbsp;&nbsp;&nbsp;&nbsp;&nbsp;&nbsp;&nbsp;&nbsp;&nbsp;&nbsp;&nbsp;&nbsp;&nbsp;&nbsp;&nbsp;&nbsp;&nbsp;&nbsp;&nbsp;&nbsp;&nbsp;&nbsp;&nbsp;&nbsp;&nbsp;&nbsp;&nbsp;&nbsp;&nbsp;&nbsp;&nbsp;&nbsp;&nbsp;&nbsp;&nbsp;&nbsp;&nbsp;&nbsp;&nbsp;&nbsp;&nbsp;&nbsp;&nbsp;&nbsp;&nbsp;&nbsp;&nbsp;&nbsp;&nbsp;&nbsp;&nbsp;&nbsp;&nbsp;&nbsp;&nbsp;&nbsp;&nbsp;&nbsp;&nbsp;&nbsp;&nbsp;&nbsp;&nbsp;&nbsp;&nbsp;&nbsp;&nbsp;&nbsp;&nbsp;&nbsp;&nbsp;&nbsp;&nbsp;&nbsp;&nbsp;&nbsp;&nbsp;&nbsp;&nbsp;&nbsp;&nbsp;&nbsp;&nbsp;&nbsp;&nbsp;&nbsp;&nbsp;&nbsp;&nbsp;&nbsp;&nbsp;&nbsp;&nbsp;&nbsp;&nbsp;&nbsp;&nbsp;&nbsp;&nbsp;&nbsp;&nbsp;&nbsp;&nbsp;&nbsp;&nbsp;&nbsp;&nbsp;&nbsp;&nbsp;&nbsp;&nbsp;&nbsp;&nbsp;&nbsp;&nbsp;&nbsp;&nbsp;&nbsp;&nbsp;&nbsp;<\/strong><\/p>\n\n\n\n<p>Til a\u00f0 breyta l\u00f6gum samtakanna e\u00f0a leggja samt\u00f6kin ni\u00f0ur \u00fearf aukinn meirihluta atkv\u00e6\u00f0a m\u00e6ttra f\u00e9lagsmanna \u00e1 a\u00f0alfundi (2\/3).<\/p>\n\n\n\n<p>\u00c1kv\u00f6r\u00f0un um slit samtakanna skal taka \u00e1 a\u00f0alfundi. Vi\u00f0 slit samtakanna skal fj\u00e1rmunum \u00feeirra r\u00e1\u00f0stafa\u00f0 til menningarstarfsemi skv. \u00e1kv\u00f6r\u00f0un a\u00f0alfundar.<\/p>\n\n\n\n<p><em>\u00deannig sam\u00feykkt \u00e1 stofnfundi Samtaka kvikmyndaleikstj\u00f3ra 11. okt\u00f3ber 1989 og breytt \u00e1 a\u00f0alfundum 28. desember 1992, 27. desember 1994, 13. jan\u00faar 1996, 29. jan\u00faar 1998, 9. jan\u00faar 2004 og [&#8230;] j\u00fan\u00ed 2020.&nbsp;<\/em><\/p>\n\n\n\n<p>_<br><\/p>\n<\/div><\/div>\n\n\n\n<p class=\"has-text-align-left\"><strong>\u00daTHLUTUNARSTEFNA<\/strong> SAMTAKA KVIKMYNDALEIKSTJ\u00d3RA<br>VEGNA&nbsp;11. gr. l. nr. 73\/1972 OG l. nr. 88\/2019<br><br>Samt\u00f6kin eru a\u00f0ilar a\u00f0 Innheimtumi\u00f0st\u00f6\u00f0 r\u00e9tthafa (IHM) og annast \u00fathlutun til leikstj\u00f3ra \u00e1 grei\u00f0slum sem berast fr\u00e1 IHM \u00e1 grundvelli 11. gr. h\u00f6fundalaga nr. 73\/1972.&nbsp;<br><br>Stj\u00f3rn samtakanna setur \u00fathlutunarreglur \u00e1 grundvelli \u00fathlutunarstefnu \u00feessarar og hefur umsj\u00f3n og eftirlit me\u00f0 \u00fathlutun.&nbsp;<br><br>Stj\u00f3rn skal leitast vi\u00f0 a\u00f0 bera kennsl \u00e1 hluta\u00f0eigandi r\u00e9tthafa og skal augl\u00fdsa \u00fathlutun opinberlega.&nbsp;<br><br>Samt\u00f6kunum er heimilt a\u00f0 innheimta ums\u00fdslukostna\u00f0 til a\u00f0 standa straum af ums\u00fdslu og draga af r\u00e9ttindatekjum. Sl\u00edkur kostna\u00f0ur getur falist \u00ed rekstrarkostna\u00f0i s.s. vi\u00f0 ger\u00f0 og vi\u00f0hald heimas\u00ed\u00f0u, launakostna\u00f0i, kostna\u00f0i vegna a\u00f0st\u00f6\u00f0u, r\u00e1\u00f0gjafarkostna\u00f0i s.s. fr\u00e1 l\u00f6gm\u00f6nnum og endursko\u00f0endum svo og \u00f6\u00f0rum kostna\u00f0i sem fellur til \u00ed \u00fev\u00ed skyni a\u00f0 samt\u00f6kin uppfylli skilyr\u00f0i laga til \u00feess a\u00f0 geta sinnt \u00fathlutun. Ums\u00fdslukostna\u00f0ur skal \u00fe\u00f3 a\u00f0 h\u00e1marki nema 25% af heildargrei\u00f0slum.<br><br>Samt\u00f6kunum er heimilt a\u00f0 veita f\u00e9lagslega, menningarlega e\u00f0a menntunartengda \u00fej\u00f3nustu sem fj\u00e1rm\u00f6gnu\u00f0 er me\u00f0 fr\u00e1dr\u00e6tti fr\u00e1 tekjum af r\u00e9ttindum. Skal sl\u00edk \u00fej\u00f3nusta veitt \u00e1 grundvelli sanngjarnra vi\u00f0mi\u00f0a \u00fear sem jafnr\u00e6\u00f0is er g\u00e6tt.&nbsp;<br><br>Mi\u00f0a skal vi\u00f0 a\u00f0 grei\u00f0a \u00fat r\u00e9tthafagrei\u00f0slur eigi s\u00ed\u00f0ar en n\u00edu m\u00e1nu\u00f0um eftir lok \u00feess fj\u00e1rhags\u00e1rs \u00feegar tekjur af r\u00e9ttindunum voru innheimtar, nema hlutl\u00e6gar \u00e1st\u00e6\u00f0ur komi \u00ed veg fyrir \u00fea\u00f0.&nbsp;<br><br>Samt\u00f6kin halda a\u00f0skili\u00f0 b\u00f3khald vegna innheimtu og \u00fathlutunar r\u00e9ttindagrei\u00f0slna og birta \u00e1rlega gagns\u00e6issk\u00fdrslu um starfsemina \u00ed samr\u00e6mi vi\u00f0 \u00e1kv\u00e6\u00f0i laga nr. 88\/2019 um sameiginlega ums\u00fdslu h\u00f6fundarr\u00e9ttar og sam\u00feykktir f\u00e9lagsins, sem kynnt skal \u00e1 a\u00f0alfundi.&nbsp;<br><br>F\u00e9lagar eiga kost \u00e1 a\u00f0 grei\u00f0a f\u00e9lagsgj\u00f6ld me\u00f0 fr\u00e1dr\u00e6tti af r\u00e9ttindagrei\u00f0slu \u00ed sta\u00f0 \u00feess a\u00f0 f\u00e1 sendan reikning.&nbsp;\u00dathlutunarreglur skulu gagns\u00e6jar og taka mi\u00f0 af eftirfarandi vi\u00f0mi\u00f0um vi\u00f0 \u00fathlutun:<br><\/p>\n\n\n\n<ul><li>A\u00f0 grei\u00f0slum s\u00e9 \u00fathluta\u00f0 til hluta\u00f0eigandi r\u00e9tthafa, \u00f3h\u00e1\u00f0 f\u00e9lagsa\u00f0ild.<\/li><li>A\u00f0 skilgreint s\u00e9 hva\u00f0 \u00feurfi a\u00f0 koma fram \u00ed ums\u00f3kn og hversu lengi h\u00fan er \u00ed gildi.<\/li><li>A\u00f0 \u00fathluta\u00f0 s\u00e9 til leikinna kvikmyndaverka og skapandi heimildakvikmyndaverka.<\/li><li>A\u00f0 stj\u00f3rn s\u00e9 fali\u00f0 a\u00f0 flokka og skilgreina kvikmyndaverk fyrir \u00fathlutun me\u00f0 samb\u00e6rilegum vi\u00f0mi\u00f0um og fyrir a\u00f0ild a\u00f0 f\u00e9laginu.&nbsp; &nbsp;<\/li><li>A\u00f0 \u00fathluta\u00f0 s\u00e9 til leikstj\u00f3ra verka sem hafa birst \u00e1 \u00fathlutunar\u00e1ri.<\/li><li>A\u00f0 leikstj\u00f3rar hafi m\u00f6guleika \u00e1 a\u00f0 s\u00e6kja um \u00fathlutun vegna verka sem uppfylla skilyr\u00f0i til \u00fathlutunar.&nbsp;<\/li><li>A\u00f0 skilgreint s\u00e9 l\u00e1gmarksvi\u00f0mi\u00f0 til \u00feess a\u00f0 hlj\u00f3ta \u00fathlutun. &nbsp;<\/li><li>A\u00f0 skilgreint s\u00e9 hva\u00f0 ver\u00f0i um \u00f3r\u00e1\u00f0stafa\u00f0a fj\u00e1rmuni sem ekki er unnt a\u00f0 koma til hluta\u00f0eigandi r\u00e9tthafa.<\/li><\/ul>\n\n\n\n<p><br><em>Sam\u00feykkt \u00e1 a\u00f0alfundi \u00ed j\u00fan\u00ed 2020.<\/em><\/p>\n","protected":false},"excerpt":{"rendered":"<p>\u00daTHLUTUNARSTEFNA SAMTAKA KVIKMYNDALEIKSTJ\u00d3RAVEGNA&nbsp;11. gr. l. nr. 73\/1972 OG l. nr. 88\/2019 Samt\u00f6kin eru a\u00f0ilar a\u00f0 Innheimtumi\u00f0st\u00f6\u00f0 r\u00e9tthafa (IHM) og annast \u00fathlutun til leikstj\u00f3ra \u00e1 grei\u00f0slum sem berast fr\u00e1 IHM \u00e1 grundvelli 11. gr. h\u00f6fundalaga nr. 73\/1972.&nbsp; Stj\u00f3rn samtakanna setur \u00fathlutunarreglur \u00e1 grundvelli \u00fathlutunarstefnu \u00feessarar og hefur umsj\u00f3n og eftirlit me\u00f0 \u00fathlutun.&nbsp; Stj\u00f3rn skal leitast vi\u00f0 a\u00f0 bera kennsl \u00e1 hluta\u00f0eigandi [&hellip;]<\/p>\n","protected":false},"author":1,"featured_media":0,"parent":0,"menu_order":0,"comment_status":"closed","ping_status":"closed","template":"","meta":{"spay_email":""},"_links":{"self":[{"href":"https:\/\/icelandicfilmdirectors.is\/index.php?rest_route=\/wp\/v2\/pages\/107"}],"collection":[{"href":"https:\/\/icelandicfilmdirectors.is\/index.php?rest_route=\/wp\/v2\/pages"}],"about":[{"href":"https:\/\/icelandicfilmdirectors.is\/index.php?rest_route=\/wp\/v2\/types\/page"}],"author":[{"embeddable":true,"href":"https:\/\/icelandicfilmdirectors.is\/index.php?rest_route=\/wp\/v2\/users\/1"}],"replies":[{"embeddable":true,"href":"https:\/\/icelandicfilmdirectors.is\/index.php?rest_route=%2Fwp%2Fv2%2Fcomments&post=107"}],"version-history":[{"count":4,"href":"https:\/\/icelandicfilmdirectors.is\/index.php?rest_route=\/wp\/v2\/pages\/107\/revisions"}],"predecessor-version":[{"id":341,"href":"https:\/\/icelandicfilmdirectors.is\/index.php?rest_route=\/wp\/v2\/pages\/107\/revisions\/341"}],"wp:attachment":[{"href":"https:\/\/icelandicfilmdirectors.is\/index.php?rest_route=%2Fwp%2Fv2%2Fmedia&parent=107"}],"curies":[{"name":"wp","href":"https:\/\/api.w.org\/{rel}","templated":true}]}}