{"id":118,"date":"2021-05-11T14:07:24","date_gmt":"2021-05-11T14:07:24","guid":{"rendered":"https:\/\/icelandicfilmdirectors.is\/?page_id=118"},"modified":"2023-04-12T11:01:41","modified_gmt":"2023-04-12T11:01:41","slug":"samningar-2","status":"publish","type":"page","link":"https:\/\/icelandicfilmdirectors.is\/?page_id=118","title":{"rendered":"SAMNINGAR OG R\u00c9TTINDI"},"content":{"rendered":"\n<p>Sem leikstj\u00f3ri ertu h\u00f6fundur \u00feess verks sem \u00fe\u00fa leikst\u00fdrir samkv\u00e6mt h\u00f6fundal\u00f6gum. \u00dea\u00f0 \u00fe\u00fd\u00f0ir a\u00f0 auk \u00feeirra launa sem \u00fe\u00e9r eru greidd fyrir vinnuframlag og hugsanlegrar hlutdeildar \u00ed hagna\u00f0i \u00e1ttu r\u00e9tt \u00e1 frekari grei\u00f0slum fyrir notkun verksins, me\u00f0al annars s\u00fdninga \u00ed sj\u00f3nvarpi, s\u00f6lu \u00e1 verkinu til sk\u00f3la og b\u00f3kasafna osfrv.<\/p>\n\n\n\n<p>Fyrir h\u00f6nd r\u00e9tthafa, tekur SKL \u00e1 m\u00f3ti og grei\u00f0ir \u00e1rlega \u00fat f\u00e9 fr\u00e1 IHM (Innheimtumi\u00f0st\u00f6\u00f0 r\u00e9tthafa) fyrir s\u00fdningar \u00e1 \u00edslenskum sj\u00f3nvarpst\u00f6\u00f0vum og efnisveitum. Ums\u00f3knarey\u00f0ubla\u00f0 \u00e1samt lei\u00f0beiningum fyrir IHM grei\u00f0slur m\u00e1 finna <strong><a href=\"https:\/\/icelandicfilmdirectors.is\/?page_id=116\">h\u00e9r \u00e1 s\u00ed\u00f0unni.<\/a><\/strong><\/p>\n\n\n\n<p>IHM grei\u00f0slur fara fram einu sinni \u00e1 \u00e1ri. SKL annast a\u00f0eins grei\u00f0slur til leikstj\u00f3ra, en sem handritsh\u00f6fundur verks g\u00e6tir \u00fe\u00fa \u00e1tt r\u00e9tt \u00e1 grei\u00f0slum \u00ed gegnum <strong><a href=\"http:\/\/www.leikskald.is\/\" target=\"_blank\" rel=\"noopener\">F\u00e9lag leiksk\u00e1lda og handritsh\u00f6funda.<\/a><\/strong> <\/p>\n\n\n\n<p>\u00c1\u00f0ur en hafist er handa vi\u00f0 a\u00f0 leikst\u00fdra kvikmynd er mikilv\u00e6gt fyrir alla leikstj\u00f3ra a\u00f0 gera samning vi\u00f0 framlei\u00f0endur kvikmyndarinnar sem n\u00e6r yfir alla \u00fe\u00e6tti leikstj\u00f3rans \u00ed myndinni; skyldur, r\u00e9ttindi, hlutdeild \u00ed hagna\u00f0i og ekki s\u00edst laun, vinnuframlag og h\u00f6fundarr\u00e9tt. <\/p>\n\n\n\n<p>Vegv\u00edsir evr\u00f3psku leikstj\u00f3rasamtakanna (FERA) um leikstj\u00f3rasamninga <strong><a href=\"https:\/\/screendirectors.eu\/fera-directors-contract-guidelines\/\" target=\"_blank\" rel=\"noopener\">m\u00e1 finna h\u00e9r.<\/a><\/strong> <\/p>\n\n\n\n<p>Leikstj\u00f3rar eiga r\u00e9tt \u00e1 \u00fev\u00ed a\u00f0 f\u00e1 greitt fyrir s\u00edna vinnu vi\u00f0 kynningarstarf og umfj\u00f6llun um kvikmyndager\u00f0. Taxti rith\u00f6fundasambandsins vegna upplestra og kynningarstarfa <strong><a href=\"https:\/\/rsi.is\/hofundamidstod\/taxti-hofundamidstodvar\/\" target=\"_blank\" rel=\"noopener\">m\u00e1 n\u00e1lgast h\u00e9r. <\/a><\/strong><\/p>\n\n\n\n<p><\/p>\n","protected":false},"excerpt":{"rendered":"<p>Sem leikstj\u00f3ri ertu h\u00f6fundur \u00feess verks sem \u00fe\u00fa leikst\u00fdrir samkv\u00e6mt h\u00f6fundal\u00f6gum. \u00dea\u00f0 \u00fe\u00fd\u00f0ir a\u00f0 auk \u00feeirra launa sem \u00fe\u00e9r eru greidd fyrir vinnuframlag og hugsanlegrar hlutdeildar \u00ed hagna\u00f0i \u00e1ttu r\u00e9tt \u00e1 frekari grei\u00f0slum fyrir notkun verksins, me\u00f0al annars s\u00fdninga \u00ed sj\u00f3nvarpi, s\u00f6lu \u00e1 verkinu til sk\u00f3la og b\u00f3kasafna osfrv. Fyrir h\u00f6nd r\u00e9tthafa, tekur SKL \u00e1 m\u00f3ti og grei\u00f0ir \u00e1rlega \u00fat [&hellip;]<\/p>\n","protected":false},"author":1,"featured_media":0,"parent":0,"menu_order":0,"comment_status":"closed","ping_status":"closed","template":"","meta":{"spay_email":""},"_links":{"self":[{"href":"https:\/\/icelandicfilmdirectors.is\/index.php?rest_route=\/wp\/v2\/pages\/118"}],"collection":[{"href":"https:\/\/icelandicfilmdirectors.is\/index.php?rest_route=\/wp\/v2\/pages"}],"about":[{"href":"https:\/\/icelandicfilmdirectors.is\/index.php?rest_route=\/wp\/v2\/types\/page"}],"author":[{"embeddable":true,"href":"https:\/\/icelandicfilmdirectors.is\/index.php?rest_route=\/wp\/v2\/users\/1"}],"replies":[{"embeddable":true,"href":"https:\/\/icelandicfilmdirectors.is\/index.php?rest_route=%2Fwp%2Fv2%2Fcomments&post=118"}],"version-history":[{"count":7,"href":"https:\/\/icelandicfilmdirectors.is\/index.php?rest_route=\/wp\/v2\/pages\/118\/revisions"}],"predecessor-version":[{"id":319,"href":"https:\/\/icelandicfilmdirectors.is\/index.php?rest_route=\/wp\/v2\/pages\/118\/revisions\/319"}],"wp:attachment":[{"href":"https:\/\/icelandicfilmdirectors.is\/index.php?rest_route=%2Fwp%2Fv2%2Fmedia&parent=118"}],"curies":[{"name":"wp","href":"https:\/\/api.w.org\/{rel}","templated":true}]}}